{"id":10,"date":"2014-08-21T13:47:05","date_gmt":"2014-08-21T13:47:05","guid":{"rendered":"http:\/\/musicamaris.de\/?page_id=10"},"modified":"2023-05-08T16:10:04","modified_gmt":"2023-05-08T16:10:04","slug":"ueber-uns","status":"publish","type":"page","link":"https:\/\/musicamaris.de\/?page_id=10","title":{"rendered":"\u00dcber uns"},"content":{"rendered":"<p>Musica maris e.V. ist ein gemein\u00fctziger Kulturverein in Radolfzell am Bodensee. Kern unserer Aktivit\u00e4t ist die die Veranstaltung von Konzerten, Festivals und Events abseits des Mainstream. Unsere stilistische Bandbreite reicht von Soul, Blues, Jazz, World, Latin, Reaggae, Gipsy, Chanson und Folk bis Klassik und beinhaltet auch alle denkbaren \u201eCrossovers\u201c mehrerer dieser Genres, durch die sich kreative Musik heute oft auszeichnet. Entscheidend f\u00fcr unser Booking ist die Qualit\u00e4t und Originarit\u00e4t der Musik, nicht Verkaufszahlen von Tontr\u00e4gern oder Medienpr\u00e4senz. So erm\u00f6glichen wir einzigartige Liveerlebnisse f\u00fcr ein breites Publikum und tragen viel zur Erweiterung des kulturellen Angebots abseits gro\u00dfer Konzerthallen und Stadien bei, ebenso zur F\u00f6rderung von regionalen Musikern und musikalischem Nachwuchs.<\/p>\n<p>Nach vier intensiven, spannenden und hochkreativen Jahren waren wir Ende 2018 gezwungen, unsere indoor Konzertreihe <strong><em>Musicamaris PeripherSessions<\/em><\/strong> einzustellen, da die aktuellen F\u00f6rderrichtlinien der Stadt Radolfzell uns die Weiterf\u00fchrung unm\u00f6glich machen.<br \/>\nUnseren Schwerpunkt bilden auch weiterhin das<strong><em> Musica maris OpenAir<\/em><\/strong> und zahlreiche weitere <strong><em>OpenAir Konzerte<\/em><\/strong> auf dem <em>Tanke Haus am See<\/em> Gel\u00e4nde.<\/p>\n<p>Im Auftrag der Mettnau Kur veranstalten wir die Jazzmatinee Reihe <strong><em> Jazz am Steg<\/em><\/strong> beim Stradcaf\u00e9 Mettnau.<\/p>\n<p>Gelegentlich k\u00f6nnen Einzelveranstaltungen in anderem Rahmen, evtl. auch in Kooperation mit anderen Veranstaltern, hinzukommen.<\/p>\n<p>Alle Aktualit\u00e4ten unter <a href=\"http:\/\/musicamaris.de\/?page_id=300\">Veranstaltungen<\/a> und bei <a href=\"https:\/\/www.facebook.com\/Musica-Maris-323598271103191\/\" target=\"_blank\" rel=\"noopener noreferrer\">facebook<\/a>.<\/p>\n","protected":false},"excerpt":{"rendered":"<p>Musica maris e.V. ist ein gemein\u00fctziger Kulturverein in Radolfzell am Bodensee. Kern unserer Aktivit\u00e4t ist die die Veranstaltung von Konzerten, Festivals und Events abseits des Mainstream. Unsere stilistische Bandbreite reicht von Soul, Blues, Jazz, World, Latin, Reaggae, Gipsy, Chanson und Folk bis Klassik und beinhaltet auch alle denkbaren \u201eCrossovers\u201c mehrerer dieser Genres, durch die sich kreative Musik heute oft auszeichnet. Entscheidend f\u00fcr unser Booking ist die Qualit\u00e4t und Originarit\u00e4t der Musik, nicht Verkaufszahlen von Tontr\u00e4gern oder Medienpr\u00e4senz. So erm\u00f6glichen wir einzigartige Liveerlebnisse f\u00fcr ein breites Publikum und tragen viel zur Erweiterung des kulturellen Angebots abseits gro\u00dfer Konzerthallen und Stadien bei, ebenso zur F\u00f6rderung von regionalen Musikern und musikalischem Nachwuchs. Nach <span class=\"excerpt-dots\">&hellip;<\/span> <a class=\"more-link\" href=\"https:\/\/musicamaris.de\/?page_id=10\"><span class=\"more-msg\">Weiterlesen &rarr;<\/span><\/a><\/p>\n","protected":false},"author":1,"featured_media":0,"parent":0,"menu_order":0,"comment_status":"closed","ping_status":"closed","template":"","meta":[],"_links":{"self":[{"href":"https:\/\/musicamaris.de\/index.php?rest_route=\/wp\/v2\/pages\/10"}],"collection":[{"href":"https:\/\/musicamaris.de\/index.php?rest_route=\/wp\/v2\/pages"}],"about":[{"href":"https:\/\/musicamaris.de\/index.php?rest_route=\/wp\/v2\/types\/page"}],"author":[{"embeddable":true,"href":"https:\/\/musicamaris.de\/index.php?rest_route=\/wp\/v2\/users\/1"}],"replies":[{"embeddable":true,"href":"https:\/\/musicamaris.de\/index.php?rest_route=%2Fwp%2Fv2%2Fcomments&post=10"}],"version-history":[{"count":12,"href":"https:\/\/musicamaris.de\/index.php?rest_route=\/wp\/v2\/pages\/10\/revisions"}],"predecessor-version":[{"id":1318,"href":"https:\/\/musicamaris.de\/index.php?rest_route=\/wp\/v2\/pages\/10\/revisions\/1318"}],"wp:attachment":[{"href":"https:\/\/musicamaris.de\/index.php?rest_route=%2Fwp%2Fv2%2Fmedia&parent=10"}],"curies":[{"name":"wp","href":"https:\/\/api.w.org\/{rel}","templated":true}]}}