{"id":92,"date":"2015-08-12T12:08:09","date_gmt":"2015-08-12T12:08:09","guid":{"rendered":"http:\/\/musicamaris.de\/?page_id=92"},"modified":"2017-01-25T14:53:41","modified_gmt":"2017-01-25T14:53:41","slug":"willkommen","status":"publish","type":"page","link":"https:\/\/musicamaris.de\/","title":{"rendered":"Willkommen"},"content":{"rendered":"<p><strong><span style=\"font-size: 16pt;\"><em>Musica maris e.V.<\/em><\/span><\/strong><br \/>\n<strong><span style=\"font-size: 14pt;\"><em>Der ungew\u00f6hnliche <a href=\"http:\/\/musicamaris.de\/?page_id=10\">Veranstalter<\/a> f\u00fcr au\u00dfergew\u00f6hnliche Livemusic Events<\/em><\/span><\/strong><\/p>\n<p>&nbsp;<br \/>\n<strong><span style=\"font-size: 16pt;\">Aktuelles:<\/span><\/strong><\/p>\n<p>CONTENTS<\/p>\n<p>&nbsp;<\/p>\n<p>&nbsp;<\/p>\n<p>&nbsp;<\/p>\n<p>&nbsp;<\/p>\n","protected":false},"excerpt":{"rendered":"<p>Musica maris e.V. Der ungew\u00f6hnliche Veranstalter f\u00fcr au\u00dfergew\u00f6hnliche Livemusic Events &nbsp; Aktuelles: CONTENTS &nbsp; &nbsp; &nbsp; &nbsp;<\/p>\n <a class=\"more-link\" href=\"https:\/\/musicamaris.de\/\"><span class=\"more-msg\">Weiterlesen &rarr;<\/span><\/a>","protected":false},"author":1,"featured_media":0,"parent":0,"menu_order":0,"comment_status":"closed","ping_status":"open","template":"","meta":[],"_links":{"self":[{"href":"https:\/\/musicamaris.de\/index.php?rest_route=\/wp\/v2\/pages\/92"}],"collection":[{"href":"https:\/\/musicamaris.de\/index.php?rest_route=\/wp\/v2\/pages"}],"about":[{"href":"https:\/\/musicamaris.de\/index.php?rest_route=\/wp\/v2\/types\/page"}],"author":[{"embeddable":true,"href":"https:\/\/musicamaris.de\/index.php?rest_route=\/wp\/v2\/users\/1"}],"replies":[{"embeddable":true,"href":"https:\/\/musicamaris.de\/index.php?rest_route=%2Fwp%2Fv2%2Fcomments&post=92"}],"version-history":[{"count":25,"href":"https:\/\/musicamaris.de\/index.php?rest_route=\/wp\/v2\/pages\/92\/revisions"}],"predecessor-version":[{"id":1295,"href":"https:\/\/musicamaris.de\/index.php?rest_route=\/wp\/v2\/pages\/92\/revisions\/1295"}],"wp:attachment":[{"href":"https:\/\/musicamaris.de\/index.php?rest_route=%2Fwp%2Fv2%2Fmedia&parent=92"}],"curies":[{"name":"wp","href":"https:\/\/api.w.org\/{rel}","templated":true}]}}